{"id":1105,"date":"2024-06-13T02:15:12","date_gmt":"2024-06-13T02:15:12","guid":{"rendered":"https:\/\/kanzlei.duaminds.com\/?page_id=1105"},"modified":"2024-06-19T09:42:49","modified_gmt":"2024-06-19T09:42:49","slug":"violetta-dawidowski","status":"publish","type":"page","link":"https:\/\/kanzlei.duaminds.com\/?page_id=1105","title":{"rendered":"Violetta Dawidowski"},"content":{"rendered":"<div id=\"cs-content\" class=\"cs-content\"><\/div>\n","protected":false},"excerpt":{"rendered":"<p>Violetta DawidowskiNotarin &amp; Rechtsanw&auml;ltinGeboren: 1973 Ausbildung:&nbsp; 2001-2003 Referendariat am Landgericht Dortmund 1995-2000 Studium der Rechtswissenschaften in Freiburg, Gie\u00dfen und BochumBeruflicher Werdegang: 2020 Ernennung zur Notarin 2003 Ernennung zur Rechtsanw\u00e4ltinMarkus Str\u00e4ter Franziska Str\u00e4terPhilipp Str\u00e4terKontaktieren Sie mich + 49 231 &#8211; 477 370 30 + 49 231 &#8211; 477 370 33\u00a0+ 49 172 &#8211; 52 73 103 violetta.dawidowski@kanzlei-am-europaplatz.deFreie-Vogel-Stra\u00dfe 367, 44269 DortmundKontakt speichern<\/p>\n","protected":false},"author":2,"featured_media":0,"parent":0,"menu_order":0,"comment_status":"closed","ping_status":"closed","template":"template-blank-4.php","meta":{"footnotes":""},"_links":{"self":[{"href":"https:\/\/kanzlei.duaminds.com\/index.php?rest_route=\/wp\/v2\/pages\/1105"}],"collection":[{"href":"https:\/\/kanzlei.duaminds.com\/index.php?rest_route=\/wp\/v2\/pages"}],"about":[{"href":"https:\/\/kanzlei.duaminds.com\/index.php?rest_route=\/wp\/v2\/types\/page"}],"author":[{"embeddable":true,"href":"https:\/\/kanzlei.duaminds.com\/index.php?rest_route=\/wp\/v2\/users\/2"}],"replies":[{"embeddable":true,"href":"https:\/\/kanzlei.duaminds.com\/index.php?rest_route=%2Fwp%2Fv2%2Fcomments&post=1105"}],"version-history":[{"count":3,"href":"https:\/\/kanzlei.duaminds.com\/index.php?rest_route=\/wp\/v2\/pages\/1105\/revisions"}],"predecessor-version":[{"id":1116,"href":"https:\/\/kanzlei.duaminds.com\/index.php?rest_route=\/wp\/v2\/pages\/1105\/revisions\/1116"}],"wp:attachment":[{"href":"https:\/\/kanzlei.duaminds.com\/index.php?rest_route=%2Fwp%2Fv2%2Fmedia&parent=1105"}],"curies":[{"name":"wp","href":"https:\/\/api.w.org\/{rel}","templated":true}]}}