{"id":155,"date":"2022-10-19T05:25:49","date_gmt":"2022-10-19T05:25:49","guid":{"rendered":"https:\/\/kanzlei.duaminds.com\/duaminds\/?page_id=155"},"modified":"2024-06-14T00:16:15","modified_gmt":"2024-06-14T00:16:15","slug":"philipp-strater","status":"publish","type":"page","link":"https:\/\/kanzlei.duaminds.com\/?page_id=155","title":{"rendered":"Philipp Str\u00e4ter"},"content":{"rendered":"<div id=\"cs-content\" class=\"cs-content\"><\/div>\n","protected":false},"excerpt":{"rendered":"<p>Philipp Str\u00e4terRechtsanwalt Geboren: 1991 Ausbildung:&nbsp; 2017-2019 Referendariat am Landgericht Dortmund 2013-2017Studium der Rechtswissenschaften an der Ruhr-Universit\u00e4t-Bochum 2010-2012Ausbildung zum IndustriekaufmannBeruflicher Werdegang: 2019Ernennung zum RechtsanwaltMarkus Str\u00e4ter Franziska Str\u00e4terVioletta DawidowskiKontaktieren Sie mich + 49 231 &#8211; 477 370 30 + 49 231 &#8211; 477 370 33\u00a0+ 49 174 &#8211; 280 29 16philipp.straeter@kanzlei-am-europaplatz.deFreie-Vogel-Stra\u00dfe 367, 44269 DortmundKontakt speichern<\/p>\n","protected":false},"author":1,"featured_media":0,"parent":0,"menu_order":0,"comment_status":"closed","ping_status":"closed","template":"template-blank-4.php","meta":{"footnotes":""},"_links":{"self":[{"href":"https:\/\/kanzlei.duaminds.com\/index.php?rest_route=\/wp\/v2\/pages\/155"}],"collection":[{"href":"https:\/\/kanzlei.duaminds.com\/index.php?rest_route=\/wp\/v2\/pages"}],"about":[{"href":"https:\/\/kanzlei.duaminds.com\/index.php?rest_route=\/wp\/v2\/types\/page"}],"author":[{"embeddable":true,"href":"https:\/\/kanzlei.duaminds.com\/index.php?rest_route=\/wp\/v2\/users\/1"}],"replies":[{"embeddable":true,"href":"https:\/\/kanzlei.duaminds.com\/index.php?rest_route=%2Fwp%2Fv2%2Fcomments&post=155"}],"version-history":[{"count":34,"href":"https:\/\/kanzlei.duaminds.com\/index.php?rest_route=\/wp\/v2\/pages\/155\/revisions"}],"predecessor-version":[{"id":1113,"href":"https:\/\/kanzlei.duaminds.com\/index.php?rest_route=\/wp\/v2\/pages\/155\/revisions\/1113"}],"wp:attachment":[{"href":"https:\/\/kanzlei.duaminds.com\/index.php?rest_route=%2Fwp%2Fv2%2Fmedia&parent=155"}],"curies":[{"name":"wp","href":"https:\/\/api.w.org\/{rel}","templated":true}]}}