{"id":182,"date":"2022-10-19T06:47:17","date_gmt":"2022-10-19T06:47:17","guid":{"rendered":"https:\/\/kanzlei.duaminds.com\/duaminds\/?page_id=182"},"modified":"2024-06-21T00:22:05","modified_gmt":"2024-06-21T00:22:05","slug":"franziska-strater","status":"publish","type":"page","link":"https:\/\/kanzlei.duaminds.com\/?page_id=182","title":{"rendered":"Franziska Str\u00e4ter"},"content":{"rendered":"<div id=\"cs-content\" class=\"cs-content\"><div class=\"x-section e182-e1 m52-0 m52-1 m52-2\"><div class=\"x-row x-container max width e182-e2 m52-6 m52-7 m52-8\"><div class=\"x-row-inner\"><div class=\"x-col e182-e3 m52-g m52-h\"><span class=\"x-image e182-e4 m52-l m52-5 x-effect-exit\" data-x-effect=\"{&quot;scroll&quot;:true,&quot;offsetTop&quot;:&quot;20%&quot;,&quot;offsetBottom&quot;:&quot;20%&quot;,&quot;behaviorScroll&quot;:&quot;fire-once&quot;}\"><img decoding=\"async\" src=\"https:\/\/kanzlei.duaminds.com\/wp-content\/uploads\/2023\/09\/MG_2822-BEA-Medium-removebg-preview.jpg\" width=\"250\" height=\"250\" alt=\"Placeholder Image\"><\/span><\/div><div class=\"x-col e182-e5 m52-g m52-h m52-i\"><hr class=\"x-line x-hide-sm x-hide-xs e182-e6 m52-m m52-n m52-o\"><\/hr><div class=\"x-text x-text-headline e182-e7 m52-r m52-s m52-t m52-u m52-v m52-w\"><div class=\"x-text-content\"><div class=\"x-text-content-text\"><h1 class=\"x-text-content-text-primary\">Franziska Str\u00e4ter <\/h1><\/div><\/div><\/div><div class=\"x-text x-text-headline e182-e8 m52-r m52-s m52-u m52-v m52-x m52-y m52-z\"><div class=\"x-text-content\"><div class=\"x-text-content-text\"><h1 class=\"x-text-content-text-primary\">Notarin &amp; Rechtsanw&auml;ltin<\/h1><\/div><\/div><\/div><\/div><\/div><\/div><\/div><div class=\"x-section e182-e9 m52-1 m52-3 m52-4\"><div class=\"x-row x-container max width e182-e10 m52-6 m52-7 m52-9\"><div class=\"x-row-inner\"><div class=\"x-col e182-e11 m52-g m52-h\"><div class=\"x-text x-text-headline e182-e12 m52-r m52-s m52-10 m52-11\"><div class=\"x-text-content\"><div class=\"x-text-content-text\"><h1 class=\"x-text-content-text-primary\">Geboren:<\/h1><\/div><\/div><\/div><hr class=\"x-line e182-e13 m52-18\"><\/hr><div class=\"x-text x-text-headline e182-e14 m52-r m52-s m52-x m52-10 m52-12\"><div class=\"x-text-content\"><div class=\"x-text-content-text\"><h1 class=\"x-text-content-text-primary\"><ul>\n \t<li>1987<\/li>\n<\/ul><\/h1><\/div><\/div><\/div><hr class=\"x-line e182-e15 m52-m m52-n m52-p\"><\/hr><div class=\"x-text x-text-headline e182-e16 m52-r m52-s m52-10 m52-11\"><div class=\"x-text-content\"><div class=\"x-text-content-text\"><h1 class=\"x-text-content-text-primary\">Ausbildung:&nbsp;<\/h1><\/div><\/div><\/div><hr class=\"x-line e182-e17 m52-18\"><\/hr><div class=\"x-row e182-e18 m52-6 m52-7 m52-a\"><div class=\"x-row-inner\"><div class=\"x-col e182-e19 m52-g m52-h\"><div class=\"x-text x-text-headline e182-e20 m52-r m52-s m52-x m52-10 m52-12\"><div class=\"x-text-content\"><div class=\"x-text-content-text\"><h1 class=\"x-text-content-text-primary\"><ul>\n \t<li><span>2012 - 2014\u00a0<\/span><\/li><\/h1><\/div><\/div><\/div><\/div><div class=\"x-col e182-e21 m52-g m52-h\"><div class=\"x-text x-text-headline e182-e22 m52-r m52-s m52-x m52-10 m52-12\"><div class=\"x-text-content\"><div class=\"x-text-content-text\"><h1 class=\"x-text-content-text-primary\"><span>Referendariat am Landgericht Dortmund<\/h1><\/div><\/div><\/div><hr class=\"x-line e182-e23 m52-n m52-p m52-q\"><\/hr><\/div><\/div><\/div><div class=\"x-row e182-e24 m52-6 m52-7 m52-b\"><div class=\"x-row-inner\"><div class=\"x-col e182-e25 m52-g m52-h\"><div class=\"x-text x-text-headline e182-e26 m52-r m52-s m52-x m52-10 m52-12\"><div class=\"x-text-content\"><div class=\"x-text-content-text\"><h1 class=\"x-text-content-text-primary\"><ul>\n \t<li><span>2007 - 2011<\/span><\/li><\/h1><\/div><\/div><\/div><\/div><div class=\"x-col e182-e27 m52-g m52-h\"><div class=\"x-text x-text-headline e182-e28 m52-r m52-s m52-x m52-10 m52-12\"><div class=\"x-text-content\"><div class=\"x-text-content-text\"><h1 class=\"x-text-content-text-primary\"><span>Studium der Rechtswissenschaften an der Ruhr-Universit\u00e4t Bochum<\/h1><\/div><\/div><\/div><\/div><\/div><\/div><hr class=\"x-line e182-e29 m52-m m52-n m52-p\"><\/hr><div class=\"x-text x-text-headline e182-e30 m52-r m52-s m52-10 m52-11\"><div class=\"x-text-content\"><div class=\"x-text-content-text\"><h1 class=\"x-text-content-text-primary\">Beruflicher Werdegang: <\/h1><\/div><\/div><\/div><hr class=\"x-line e182-e31 m52-18\"><\/hr><div class=\"x-row e182-e32 m52-6 m52-7 m52-c\"><div class=\"x-row-inner\"><div class=\"x-col e182-e33 m52-g m52-h\"><div class=\"x-text x-text-headline e182-e34 m52-r m52-s m52-x m52-10 m52-12\"><div class=\"x-text-content\"><div class=\"x-text-content-text\"><h1 class=\"x-text-content-text-primary\"><ul>\n<li>2023<\/li>\n<\/ul><\/h1><\/div><\/div><\/div><\/div><div class=\"x-col e182-e35 m52-g m52-h\"><div class=\"x-text x-text-headline e182-e36 m52-r m52-s m52-x m52-10 m52-12\"><div class=\"x-text-content\"><div class=\"x-text-content-text\"><h1 class=\"x-text-content-text-primary\">Bestellung zur Pr\u00fcferin f\u00fcr notarielle Fachpr\u00fcfungen<\/h1><\/div><\/div><\/div><hr class=\"x-line e182-e37 m52-n m52-p m52-q\"><\/hr><\/div><\/div><\/div><div class=\"x-row e182-e38 m52-6 m52-7 m52-d\"><div class=\"x-row-inner\"><div class=\"x-col e182-e39 m52-g m52-h\"><div class=\"x-text x-text-headline e182-e40 m52-r m52-s m52-x m52-10 m52-12\"><div class=\"x-text-content\"><div class=\"x-text-content-text\"><h1 class=\"x-text-content-text-primary\"><ul>\n \t<li>2020<\/li><\/h1><\/div><\/div><\/div><\/div><div class=\"x-col e182-e41 m52-g m52-h\"><div class=\"x-text x-text-headline e182-e42 m52-r m52-s m52-x m52-10 m52-12\"><div class=\"x-text-content\"><div class=\"x-text-content-text\"><h1 class=\"x-text-content-text-primary\">Ernennung zur Notarin<\/h1><\/div><\/div><\/div><hr class=\"x-line e182-e43 m52-n m52-p m52-q\"><\/hr><\/div><\/div><\/div><div class=\"x-row e182-e44 m52-6 m52-7 m52-e\"><div class=\"x-row-inner\"><div class=\"x-col e182-e45 m52-g m52-h\"><div class=\"x-text x-text-headline e182-e46 m52-r m52-s m52-x m52-10 m52-12\"><div class=\"x-text-content\"><div class=\"x-text-content-text\"><h1 class=\"x-text-content-text-primary\"><ul>\n \t<li><span>2015<\/span><\/li>\n<\/h1><\/div><\/div><\/div><\/div><div class=\"x-col e182-e47 m52-g m52-h\"><div class=\"x-text x-text-headline e182-e48 m52-r m52-s m52-x m52-10 m52-12\"><div class=\"x-text-content\"><div class=\"x-text-content-text\"><h1 class=\"x-text-content-text-primary\"><span>Ernennung zur Rechtsanw\u00e4ltin<\/h1><\/div><\/div><\/div><\/div><\/div><\/div><\/div><div class=\"x-col e182-e49 m52-g m52-j m52-k\"><hr class=\"x-line e182-e50 m52-m m52-n m52-p\"><\/hr><a href=\"https:\/\/kanzlei.duaminds.com\/?page_id=184\" class=\"x-text x-text-headline has-graphic e182-e51 m52-r m52-x m52-10 m52-13 m52-14 m52-15\"><div class=\"x-text-content\"><span class=\"x-graphic\" aria-hidden=\"true\"><i class=\"x-icon x-graphic-child x-graphic-icon x-graphic-primary\" aria-hidden=\"true\" data-x-icon-s=\"&#xf101;\"><\/i><\/span><div class=\"x-text-content-text\"><h1 class=\"x-text-content-text-primary\">Markus Str\u00e4ter <\/h1><\/div><\/div><\/a><hr class=\"x-line e182-e52 m52-n m52-p m52-q\"><\/hr><a href=\"https:\/\/kanzlei.duaminds.com\/?page_id=155\" class=\"x-text x-text-headline has-graphic e182-e53 m52-r m52-x m52-10 m52-13 m52-14 m52-15\"><div class=\"x-text-content\"><span class=\"x-graphic\" aria-hidden=\"true\"><i class=\"x-icon x-graphic-child x-graphic-icon x-graphic-primary\" aria-hidden=\"true\" data-x-icon-s=\"&#xf101;\"><\/i><\/span><div class=\"x-text-content-text\"><h1 class=\"x-text-content-text-primary\">Philipp Str\u00e4ter<\/h1><\/div><\/div><\/a><hr class=\"x-line e182-e54 m52-n m52-p m52-q\"><\/hr><a href=\"https:\/\/kanzlei.duaminds.com\/?page_id=1105\" class=\"x-text x-text-headline has-graphic e182-e55 m52-r m52-x m52-10 m52-13 m52-14 m52-15\"><div class=\"x-text-content\"><span class=\"x-graphic\" aria-hidden=\"true\"><i class=\"x-icon x-graphic-child x-graphic-icon x-graphic-primary\" aria-hidden=\"true\" data-x-icon-s=\"&#xf101;\"><\/i><\/span><div class=\"x-text-content-text\"><h1 class=\"x-text-content-text-primary\">Violetta Dawidowski<\/h1><\/div><\/div><\/a><hr class=\"x-line e182-e56 m52-n m52-p m52-q\"><\/hr><hr class=\"x-line e182-e57 m52-n m52-p m52-q\"><\/hr><\/div><\/div><\/div><\/div><div class=\"x-section e182-e58 m52-0 m52-1 m52-4\"><div class=\"x-row x-container max width e182-e59 m52-6 m52-7 m52-f\"><div class=\"x-row-inner\"><div class=\"x-col e182-e60 m52-g m52-h m52-k\"><div class=\"x-frame x-frame-map-embed e182-e61 m52-19\"><div class=\"x-frame-inner\"><div class=\"x-map x-map-embed\"><iframe src=\"https:\/\/www.google.com\/maps\/embed?pb=!1m18!1m12!1m3!1d2483.577452168835!2d7.520298615769789!3d51.502621179634325!2m3!1f0!2f0!3f0!3m2!1i1024!2i768!4f13.1!3m3!1m2!1s0x47b916e14980d17f%3A0x6a918cc5c228ca1a!2sg%C3%B6tz%20str%C3%A4ter%20Rechtsanw%C3%A4lte%20-%20Partnerschaftsgesellschaft!5e0!3m2!1sen!2sid!4v1666253565097!5m2!1sen!2sid\" width=\"600\" height=\"450\" style=\"border:0;\" allowfullscreen=\"\" loading=\"lazy\" referrerpolicy=\"no-referrer-when-downgrade\"><\/iframe><\/div><\/div><\/div><\/div><div class=\"x-col e182-e62 m52-g m52-h\"><div class=\"x-text x-text-headline e182-e63 m52-r m52-s m52-u m52-w m52-16\"><div class=\"x-text-content\"><div class=\"x-text-content-text\"><h1 class=\"x-text-content-text-primary\">Kontaktieren Sie mich <\/h1><\/div><\/div><\/div><hr class=\"x-line e182-e64 m52-m m52-n m52-p\"><\/hr><a href=\"tel:+%2049%20231%20-%20477%20370%2030\" class=\"x-text x-text-headline has-graphic e182-e65 m52-r m52-s m52-u m52-x m52-z m52-14 m52-17\"><div class=\"x-text-content\"><span class=\"x-graphic\" aria-hidden=\"true\"><i class=\"x-icon x-graphic-child x-graphic-icon x-graphic-primary\" aria-hidden=\"true\" data-x-icon-l=\"&#xf095;\"><\/i><\/span><div class=\"x-text-content-text\"><h1 class=\"x-text-content-text-primary\"> + 49 231 - 477 370 30<\/h1><\/div><\/div><\/a><hr class=\"x-line e182-e66 m52-n m52-p m52-q\"><\/hr><a href=\"tel:+%2049%20231%20-%20477%20370%2033\" class=\"x-text x-text-headline has-graphic e182-e67 m52-r m52-s m52-u m52-x m52-z m52-14 m52-17\"><div class=\"x-text-content\"><span class=\"x-graphic\" aria-hidden=\"true\"><i class=\"x-icon x-graphic-child x-graphic-icon x-graphic-primary\" aria-hidden=\"true\" data-x-icon-l=\"&#xf1ac;\"><\/i><\/span><div class=\"x-text-content-text\"><h1 class=\"x-text-content-text-primary\"> + 49 231 - 477 370 33<\/h1><\/div><\/div><\/a><hr class=\"x-line e182-e68 m52-n m52-p m52-q\"><\/hr><a href=\"tel:+%2049%20173%20-%2023%2022%2021%203\" class=\"x-text x-text-headline has-graphic e182-e69 m52-r m52-s m52-u m52-x m52-z m52-14 m52-17\"><div class=\"x-text-content\"><span class=\"x-graphic\" aria-hidden=\"true\"><i class=\"x-icon x-graphic-child x-graphic-icon x-graphic-primary\" aria-hidden=\"true\" data-x-icon-l=\"&#xf3cd;\"><\/i><\/span><div class=\"x-text-content-text\"><h1 class=\"x-text-content-text-primary\">\u00a0+ 49 173 - 23 22 21 3<\/h1><\/div><\/div><\/a><hr class=\"x-line e182-e70 m52-n m52-p m52-q\"><\/hr><a href=\"mailto:markus.straeter@kanzlei-am-europaplatz.de\" class=\"x-text x-text-headline has-graphic e182-e71 m52-r m52-s m52-u m52-x m52-z m52-14 m52-15 m52-17\"><div class=\"x-text-content\"><span class=\"x-graphic\" aria-hidden=\"true\"><i class=\"x-icon x-graphic-child x-graphic-icon x-graphic-primary\" aria-hidden=\"true\" data-x-icon-s=\"&#xf649;\"><\/i><\/span><div class=\"x-text-content-text\"><h1 class=\"x-text-content-text-primary\">Freie-Vogel-Stra\u00dfe 367, 44269 Dortmund<\/h1><\/div><\/div><\/a><hr class=\"x-line e182-e72 m52-n m52-p m52-q\"><\/hr><a href=\"mailto:franziska.straeter@kanzlei-am-europaplatz.de\" class=\"x-text x-text-headline has-graphic e182-e73 m52-r m52-s m52-u m52-x m52-z m52-14 m52-17\"><div class=\"x-text-content\"><span class=\"x-graphic\" aria-hidden=\"true\"><i class=\"x-icon x-graphic-child x-graphic-icon x-graphic-primary\" aria-hidden=\"true\" data-x-icon-l=\"&#xf674;\"><\/i><\/span><div class=\"x-text-content-text\"><h1 class=\"x-text-content-text-primary\">franziska.straeter@kanzlei-am-europaplatz.de<\/h1><\/div><\/div><\/a><hr class=\"x-line e182-e74 m52-n m52-p m52-q\"><\/hr><a class=\"x-anchor x-anchor-button e182-e75 m52-1a\" tabindex=\"0\" href=\"http:\/\/kanzlei.duaminds.com\/wp-content\/uploads\/2023\/04\/vCard-25.vcf\"><div class=\"x-anchor-content\"><div class=\"x-anchor-text\"><span class=\"x-anchor-text-primary\">Kontakt speichern <\/span><\/div><\/div><\/a><\/div><\/div><\/div><\/div><\/div>\n","protected":false},"excerpt":{"rendered":"<p>Franziska Str\u00e4ter Notarin &amp; Rechtsanw&auml;ltinGeboren: 1987 Ausbildung:&nbsp; 2012 &#8211; 2014\u00a0Referendariat am Landgericht Dortmund 2007 &#8211; 2011Studium der Rechtswissenschaften an der Ruhr-Universit\u00e4t BochumBeruflicher Werdegang: 2023 Bestellung zur Pr\u00fcferin f\u00fcr notarielle Fachpr\u00fcfungen 2020Ernennung zur Notarin 2015 Ernennung zur Rechtsanw\u00e4ltinMarkus Str\u00e4ter Philipp Str\u00e4terVioletta DawidowskiKontaktieren Sie mich + 49 231 &#8211; 477 370 30 + 49 231 &#8211; 477 370 33\u00a0+ 49 173 &#8211; &#8230; <a href=\"https:\/\/kanzlei.duaminds.com\/?page_id=182\" class=\"more-link\">Read More<\/a><\/p>\n","protected":false},"author":1,"featured_media":0,"parent":0,"menu_order":0,"comment_status":"closed","ping_status":"closed","template":"template-blank-4.php","meta":{"footnotes":""},"_links":{"self":[{"href":"https:\/\/kanzlei.duaminds.com\/index.php?rest_route=\/wp\/v2\/pages\/182"}],"collection":[{"href":"https:\/\/kanzlei.duaminds.com\/index.php?rest_route=\/wp\/v2\/pages"}],"about":[{"href":"https:\/\/kanzlei.duaminds.com\/index.php?rest_route=\/wp\/v2\/types\/page"}],"author":[{"embeddable":true,"href":"https:\/\/kanzlei.duaminds.com\/index.php?rest_route=\/wp\/v2\/users\/1"}],"replies":[{"embeddable":true,"href":"https:\/\/kanzlei.duaminds.com\/index.php?rest_route=%2Fwp%2Fv2%2Fcomments&post=182"}],"version-history":[{"count":21,"href":"https:\/\/kanzlei.duaminds.com\/index.php?rest_route=\/wp\/v2\/pages\/182\/revisions"}],"predecessor-version":[{"id":1155,"href":"https:\/\/kanzlei.duaminds.com\/index.php?rest_route=\/wp\/v2\/pages\/182\/revisions\/1155"}],"wp:attachment":[{"href":"https:\/\/kanzlei.duaminds.com\/index.php?rest_route=%2Fwp%2Fv2%2Fmedia&parent=182"}],"curies":[{"name":"wp","href":"https:\/\/api.w.org\/{rel}","templated":true}]}}