{"id":406,"date":"2022-10-24T09:13:02","date_gmt":"2022-10-24T09:13:02","guid":{"rendered":"https:\/\/kanzlei.duaminds.com\/duaminds\/?page_id=406"},"modified":"2024-06-27T10:47:18","modified_gmt":"2024-06-27T10:47:18","slug":"datenschutzhinweise-notar","status":"publish","type":"page","link":"https:\/\/kanzlei.duaminds.com\/?page_id=406","title":{"rendered":"Datenschutzhinweise Notar"},"content":{"rendered":"<div id=\"cs-content\" class=\"cs-content\"><div class=\"x-section e406-e1 mba-0 mba-1\"><div class=\"x-bg\" aria-hidden=\"true\"><div class=\"x-bg-layer-lower-image\" data-x-element-bg-layer=\"{&quot;parallaxSize&quot;:&quot;125%&quot;,&quot;parallaxDir&quot;:&quot;v&quot;,&quot;parallaxRev&quot;:false}\" style=\" background-image: url(https:\/\/kanzlei.duaminds.com\/wp-content\/uploads\/2022\/11\/DSC_8679-scaled.jpg); background-repeat: no-repeat; background-position: center; background-size: cover;\"><\/div><div class=\"x-bg-layer-upper-color\" style=\" background-color: rgba(172, 197, 216, 0.78);\"><\/div><\/div><div class=\"x-div e406-e2 mba-5\"><div class=\"x-row e406-e3 mba-6 mba-7 mba-8 mba-b\"><div class=\"x-row-inner\"><div class=\"x-col e406-e4 mba-f\"><div class=\"x-text x-text-headline e406-e5 mba-g mba-h mba-i\"><div class=\"x-text-content\"><div class=\"x-text-content-text\"><h1 class=\"x-text-content-text-primary\"><img decoding=\"async\" src=\"http:\/\/kanzlei.duaminds.com\/wp-content\/uploads\/2024\/06\/Black-Text-Adresse-1.png\" alt=\"\" width=\"506\" height=\"344\" class=\"alignnone wp-image-1126\" \/<\/h1 srcset=\"https:\/\/kanzlei.duaminds.com\/wp-content\/uploads\/2024\/06\/Black-Text-Adresse-1.png 3679w, https:\/\/kanzlei.duaminds.com\/wp-content\/uploads\/2024\/06\/Black-Text-Adresse-1-300x204.png 300w, https:\/\/kanzlei.duaminds.com\/wp-content\/uploads\/2024\/06\/Black-Text-Adresse-1-1024x696.png 1024w, https:\/\/kanzlei.duaminds.com\/wp-content\/uploads\/2024\/06\/Black-Text-Adresse-1-768x522.png 768w, https:\/\/kanzlei.duaminds.com\/wp-content\/uploads\/2024\/06\/Black-Text-Adresse-1-1536x1045.png 1536w, https:\/\/kanzlei.duaminds.com\/wp-content\/uploads\/2024\/06\/Black-Text-Adresse-1-2048x1393.png 2048w, https:\/\/kanzlei.duaminds.com\/wp-content\/uploads\/2024\/06\/Black-Text-Adresse-1-100x68.png 100w, https:\/\/kanzlei.duaminds.com\/wp-content\/uploads\/2024\/06\/Black-Text-Adresse-1-1184x805.png 1184w\" sizes=\"(max-width: 506px) 100vw, 506px\" \/><\/div><\/div><\/div><div class=\"x-text x-text-headline e406-e6 mba-h mba-j mba-k mba-4 x-effect-exit\" data-x-effect=\"{&quot;scroll&quot;:true,&quot;offsetTop&quot;:&quot;0%&quot;,&quot;offsetBottom&quot;:&quot;0%&quot;,&quot;behaviorScroll&quot;:&quot;fire-once&quot;}\"><div class=\"x-text-content\"><div class=\"x-text-content-text\"><span class=\"x-text-content-text-primary\">&nbsp; &nbsp; &nbsp; &nbsp; &nbsp; &nbsp; Notare,Rechtsanw&auml;lte Partnergesellschaft<\/span><\/div><\/div><\/div><\/div><\/div><\/div><\/div><\/div><div class=\"x-section e406-e7 mba-0 mba-2 mba-3\"><div class=\"x-row x-container max width e406-e8 mba-6 mba-8 mba-9 mba-c mba-d\"><div class=\"x-row-inner\"><div class=\"x-col e406-e9 mba-f\"><div class=\"x-text x-text-headline e406-e10 mba-h mba-i mba-k mba-l mba-m mba-n\"><div class=\"x-text-content\"><div class=\"x-text-content-text\"><h1 class=\"x-text-content-text-primary\">Hinweise zur Datenverarbeitung<\/h1><\/div><\/div><\/div><hr class=\"x-line e406-e11 mba-p mba-q\"><\/hr><div class=\"x-text x-text-headline e406-e12 mba-h mba-i mba-k mba-m mba-n mba-o\"><div class=\"x-text-content\"><div class=\"x-text-content-text\"><h1 class=\"x-text-content-text-primary\">Im Rahmen unserer Amtst&auml;tigkeit m&uuml;ssen wir, die Notare Markus Str&auml;ter, Franziska Str&auml;ter und Violetta Dawidowski personenbezogene Daten erheben, speichern, verwenden und in einem gewissen Umfang an Dritte weiterleiten. Im Folgenden weisen wir Sie zur Erf&uuml;llung unserer Informationspflicht nach Art. 13 und 14 DSGVO auf die Datenverarbeitung hin und belehren &uuml;ber Ihre Rechte als Betroffene.<\/h1><\/div><\/div><\/div><hr class=\"x-line e406-e13 mba-p mba-r\"><\/hr><div class=\"x-acc e406-e14 mba-t mba-u\" id=\"x-acc-e406-e14\"><div class=\"e406-e15 x-acc-item\"><button id=\"tab-e406-e15\" class=\"x-acc-header\" role=\"button\" type=\"button\" aria-expanded=\"false\" aria-controls=\"panel-e406-e15\" data-x-toggle=\"collapse\" data-x-toggleable=\"e406-e15\"><span class=\"x-acc-header-content\"><span class=\"x-acc-header-indicator\"><i class=\"x-icon\" aria-hidden=\"true\" data-x-icon-l=\"&#xf101;\"><\/i><\/span><span class=\"x-acc-header-text\">I. Kontaktdaten des f\u00fcr die Datenverarbeitung Verantwortlichen sowie des betrieblichen Datenschutzbeauftragten\n\n\n<\/span><\/span><\/button><div id=\"panel-e406-e15\" role=\"region\" aria-hidden=\"true\" aria-labelledby=\"tab-e406-e15\" data-x-toggleable=\"e406-e15\" data-x-toggle-collapse=\"1\" class=\"x-collapsed\"><div class=\"x-acc-content\"><p style=\"text-align: left;\">Verantwortliche f\u00fcr die Verarbeitung Ihrer personenbezogenen Daten sind wir, die Notare Markus Str\u00e4ter,\u00a0 Franziska Str\u00e4ter , Violetta Dawidowski. Jeder der vorgenannten Notare ist f\u00fcr den von ihm jeweils zu verantwortenden Bereich alleiniger Verantwortlicher im Sinne der datenschutzrechtlichen Vorschriften. Sie k\u00f6nnen sich f\u00fcr alle Datenschutzanfragen an den jeweils verantwortlichen Notar oder an unseren Datenschutzbeauftragten wenden, und zwar wie folgt:<\/p>\n\n<table class=\"tg\">\n<tbody>\n<tr>\n<th class=\"tg-2uhc\"><\/th>\n<th class=\"tg-i0og\">\n<p><b>Verantwortliche<\/b><br \/>\nNotar Markus Str\u00e4ter<\/p>\n<p>Notarin Franziska Str\u00e4ter<\/p>\n<p>Notarin Violetta Dawidowski<\/p>\n<\/th>\n<th class=\"tg-2uhc\">\n<p><b>Datenschutzbeauftragter<\/b><br \/>\nNotar Markus Str\u00e4ter<\/p>\n<p>Notarin Franziska Str\u00e4ter<\/p>\n<p>Notarin Violetta Dawidowski\u00a0 \u00a0 \u00a0 \u00a0 \u00a0 \u00a0 \u00a0 \u00a0 \u00a0\u00a0<br \/>\nz.H. der Datenschutzbeauftragten<br \/>\nD\u00f6rte Str\u00e4ter<\/p>\n<\/th>\n<\/tr>\n<tr>\n<td class=\"tg-2uhc\"><b>Anschrift<\/b><\/td>\n<td class=\"tg-2uhc\">\n<p>Kanzlei am Europaplatz<\/p>\n<p>Freie- Vogel- Stra\u00dfe 367 \/ Ecke Europaplatz<br \/>\n44269 Dortmund<\/p>\n<\/td>\n<td class=\"tg-2uhc\">\n<p>Kanzlei am Europaplatz<\/p>\n<p>Freie- Vogel- Stra\u00dfe 367 \/ Ecke Europaplatz<br \/>\n44269 Dortmund<\/p>\n<\/td>\n<\/tr>\n<tr>\n<td class=\"tg-2uhc\"><b>Telefon<\/b><br \/>\n<b>Telefax<\/b><br \/>\n<b>E-Mail<\/b><\/td>\n<td class=\"tg-2uhc\">0231 - 477 370 30<br \/>\n0231 - 477 370 33<br \/>\n<a href=\"mailto:info@kanzlei-am-europaplatz.de\">info@kanzlei-am-europaplatz.de<\/a><\/td>\n<td class=\"tg-2uhc\" style=\"text-align: left;\">0231 - 477 370 30<br \/>\n0231 - 477 370 33<br \/>\n<a href=\"mailto:info@kanzlei-am-europaplatz.de\">info@kanzlei-am-europaplatz.de<\/a><\/td>\n<\/tr>\n<\/tbody>\n<\/table><\/div><\/div><\/div><div class=\"e406-e16 x-acc-item\"><button id=\"tab-e406-e16\" class=\"x-acc-header\" role=\"button\" type=\"button\" aria-expanded=\"false\" aria-controls=\"panel-e406-e16\" data-x-toggle=\"collapse\" data-x-toggleable=\"e406-e16\"><span class=\"x-acc-header-content\"><span class=\"x-acc-header-indicator\"><i class=\"x-icon\" aria-hidden=\"true\" data-x-icon-l=\"&#xf101;\"><\/i><\/span><span class=\"x-acc-header-text\">\nII. Erhebung und Speicherung personenbezogener Daten sowie Art und Zweck und deren Verwendung<\/span><\/span><\/button><div id=\"panel-e406-e16\" role=\"region\" aria-hidden=\"true\" aria-labelledby=\"tab-e406-e16\" data-x-toggleable=\"e406-e16\" data-x-toggle-collapse=\"1\" class=\"x-collapsed\"><div class=\"x-acc-content\"><p style=\"text-align: left;\">Wir verarbeiten personenbezogene Daten, die wir von Ihnen oder einem von Ihnen beauftragten Dritten (z. B. Rechtsanwalt, Steuerberater, Makler, Kreditinstitut) erhalten, wie z. B.<\/p>\n\n<ul style=\"text-align: left;\">\n \t<li>Daten zur Person, z. B. Vor- und Zuname, Geburtsname, Geburtsdatum und Geburtsort, Staatsangeh\u00f6rigkeit, Familienstand; im Einzelfall Ihre Geburtenregisternummer;<\/li>\n \t<li>Daten zur Kontaktaufnahme, wie z. B. postalische Anschrift, Telefon- und Fax-Nummern, E-Mail-Adresse;<\/li>\n \t<li>bei Grundst\u00fccksvertr\u00e4gen Ihre steuerliche Identifikations-Nummer;<\/li>\n \t<li>in bestimmten F\u00e4llen, z. B. bei Ehevertr\u00e4gen, Testamenten, Erbvertr\u00e4gen oder Adoptionen, auch Daten zu Ihrer famili\u00e4ren Situation und zu Ihren Verm\u00f6genswerten sowie ggf. Angaben zu Ihrer Gesundheit oder anderen sensiblen Daten, z. B. weil diese zur Dokumentation Ihrer Gesch\u00e4ftsf\u00e4higkeit dienen;<\/li>\n \t<li>in bestimmten F\u00e4llen auch Daten aus Ihren Rechtsbeziehungen mit Dritten wie z. B. Aktenzeichen oder Darlehens- oder Konto-Nummern bei Kreditinstituten.<\/li>\n<\/ul>\n<p style=\"text-align: left;\">Au\u00dferdem verarbeiten wir Daten aus \u00f6ffentlichen Registern, z. B. Grundbuch, Handels- und Vereinsregistern.<\/p>\n<p style=\"text-align: left;\">Wir verarbeiten und speichern Ihre personenbezogenen Daten im Rahmen unserer gesetzlichen Aufbewahrungspflichten. Nach \u00a7 5 (4) Dienstordnung f\u00fcr Notarinnen und Notare (DONot) gelten f\u00fcr die Aufbewahrung von notariellen Unterlagen folgende Aufbewahrungsfristen:<\/p>\n\n<ul style=\"text-align: left;\">\n \t<li>Urkundenrolle, Erbvertragsverzeichnis, Namensverzeichnis zur Urkundenrolle und Urkundensammlung einschlie\u00dflich der gesondert aufbewahrten Erbvertr\u00e4ge (\u00a7 18 (4) DONot): 100 Jahre,<\/li>\n \t<li>Verwahrungsbuch, Massenbuch, Namenverzeichnis zum Massenbuch, Anderkontenliste, Generalakten: 30 Jahre,<\/li>\n \t<li>Nebenakten: 7 Jahre; der Notar kann sp\u00e4testens bei der letzten inhaltlichen Bearbeitung schriftlich eine l\u00e4ngere Aufbewahrungsfrist bestimmen, z. B. bei Verf\u00fcgungen von Todes wegen oder im Falle der Regressgefahr; die Bestimmung kann auch generell f\u00fcr einzelne Arten von Rechtsgesch\u00e4ften wie z. B. f\u00fcr Verf\u00fcgungen von Todes wegen, getroffen werden.<\/li>\n<\/ul>\n<p style=\"text-align: left;\">Nach Ablauf der Speicherfristen l\u00f6schen wir Ihre Daten bzw. vernichten die Papierunterlagen, sofern wir nicht nach Artikel 6 (1) Satz 1 lit. c DSGVO auf Grund von steuer- und handelsrechtlichen Aufbewahrungs- und Dokumentationspflichten (aus Handelsgesetzbuch, Strafgesetzbuch, Geldw\u00e4schegesetz oder der Abgabenordnung) sowie berufsrechtlicher Vorschriften zum Zweck der Kollisionspr\u00fcfung zu einer l\u00e4ngeren Speicherung verpflichtet sind.<\/p>\n<p style=\"text-align: left;\">Als Notare sind wir Tr\u00e4ger eines \u00f6ffentlichen Amtes. Wir \u00fcben unser Amt in Aus\u00fcbung \u00f6ffentlicher Gewalt sowie im \u00f6ffentlichen Interesse aus, dass in der geordneten und vorsorgenden Rechtspflege liegt (Art. 6 (1) Satz 1 lit. e der DSGVO).<\/p>\n<p style=\"text-align: left;\">Ihre Daten werden ausschlie\u00dflich verarbeitet, um die von Ihnen und ggf. weiteren an einem Gesch\u00e4ft beteiligten Personen begehrte notarielle T\u00e4tigkeit entsprechend unserer Amtspflichten durchzuf\u00fchren, also etwa zur Erstellung von Urkundsentw\u00fcrfen, zur Beurkundung und dem Vollzug von Urkundsgesch\u00e4ften oder zur Durchf\u00fchrung von Beratungen. Die Verarbeitung der personenbezogenen Daten erfolgt daher immer nur auf Grund der f\u00fcr uns geltenden berufs- und verfahrensrechtlichen Bestimmungen, die sich im Wesentlichen aus der Bundesnotarordnung und dem Beurkundungsgesetz ergeben. Aus diesen Bestimmungen ergibt sich f\u00fcr mich zugleich auch die rechtliche Verpflichtung zur Verarbeitung der erforderlichen Daten (Art. 6 (1) Satz 1 lit. c DSGVO). Eine Nichtbereitstellung der von mir bei Ihnen angeforderten Daten w\u00fcrde daher dazu f\u00fchren, dass wir die (weitere) Durchf\u00fchrung des Amtsgesch\u00e4fts ablehnen m\u00fcsste.<\/p><\/div><\/div><\/div><div class=\"e406-e17 x-acc-item\"><button id=\"tab-e406-e17\" class=\"x-acc-header\" role=\"button\" type=\"button\" aria-expanded=\"false\" aria-controls=\"panel-e406-e17\" data-x-toggle=\"collapse\" data-x-toggleable=\"e406-e17\"><span class=\"x-acc-header-content\"><span class=\"x-acc-header-indicator\"><i class=\"x-icon\" aria-hidden=\"true\" data-x-icon-l=\"&#xf101;\"><\/i><\/span><span class=\"x-acc-header-text\">III. Weitergabe von Daten an Dritte<\/span><\/span><\/button><div id=\"panel-e406-e17\" role=\"region\" aria-hidden=\"true\" aria-labelledby=\"tab-e406-e17\" data-x-toggleable=\"e406-e17\" data-x-toggle-collapse=\"1\" class=\"x-collapsed\"><div class=\"x-acc-content\"><p style=\"text-align: left;\">Als Notar unterliegen wir einer gesetzlichen Verschwiegenheitspflicht. Diese Verschwiegenheitspflicht gilt auch f\u00fcr unsere Mitarbeiter und von uns beauftragten Personen.<\/p>\n<p style=\"text-align: left;\">Wir d\u00fcrfen Ihre Daten daher nur weitergeben, wenn und soweit wir dazu im Einzelfall verpflichtet sind, z. B. auf Grund von Mitteilungspflichten gegen\u00fcber der Finanzverwaltung, oder an \u00f6ffentliche Register wie dem Grundbuchamt, Handels- oder Vereinsregister, Zentralen Testamentsregister, Vorsorgeregister, den Gerichten wie dem Nachlass-, Betreuungs- oder Familiengericht oder Beh\u00f6rden. Im Rahmen der Standes- und Dienstaufsicht sind wir unter Umst\u00e4nden auch zur Erteilung von Ausk\u00fcnften an die Notarkammer oder unsere Dienstaufsichtsbeh\u00f6rde verpflichtet, die wiederum einer amtlichen Verschwiegenheitspflicht unterliegt.<\/p>\n<p style=\"text-align: left;\">Ansonsten werden Ihre Daten nur weitergegeben, wenn Sie uns hierzu beauftragen oder die Weitergabe beantragt haben. Eine \u00dcbermittlung Ihrer personenbezogenen Daten in Drittl\u00e4nder erfolgt nur auf besonderen Antrag von Ihnen oder wenn und soweit ein Urkundsbeteiligter in einem Drittland ans\u00e4ssig ist.<\/p>\n<p>Online-Formulare<br \/>\nMit unserer Website ist eine Schaltfl\u00e4che f\u00fcr die Online-Datenaufnahme verkn\u00fcpft, mit der Sie die M\u00f6glichkeit haben, uns Daten per Online-Formular zu \u00fcbermitteln. Nehmen Sie diesen Online-Service von NotarNow (LegalNow GmbH, Lena-Christ-Stra\u00dfe 2, 82031 Gr\u00fcnwald) in Anspruch, so werden Ihre Angaben inklusive der von Ihnen dort angegebenen Kontaktdaten zwecks Bearbeitung der Anfrage und f\u00fcr den Fall von Anschlussfragen kurzzeitig automatisch auf den NotarNow-Servern gespeichert und im Anschluss an uns weitergeleitet. Die Daten\u00fcbertragung erfolgt verschl\u00fcsselt \u00fcber eine Transportverschl\u00fcsselung per Secure Socket Layer (SSL\/TLS).<\/p>\n<p>Die Speicherung dient allein zu Zwecken der Bearbeitung oder der Kontaktaufnahme zur betroffenen Person. Eine Weitergabe der Daten an weitere Dritte findet nicht statt. Rechtsgrundlage f\u00fcr die Verarbeitung der Daten ist Art. 6 Abs. 1 lit. b DSGVO, sofern Ihre Anfrage mit der Erf\u00fcllung eines Vertrags zusammenh\u00e4ngt oder zur Durchf\u00fchrung vorvertraglicher Ma\u00dfnahmen erforderlich ist. In allen \u00fcbrigen F\u00e4llen beruht die Verarbeitung auf unserem berechtigten Interesse an der effektiven Bearbeitung der an uns gerichteten Anfragen (Art. 6 Abs. 1 lit. f DSGVO) oder auf Ihrer Einwilligung (Art. 6 Abs. 1 lit. a DSGVO), sofern diese abgefragt wurde.<\/p>\n<p>Die von Ihnen im Online-Formular eingegebenen Daten verbleiben bei uns, bis Sie uns zur L\u00f6schung auffordern, Ihre Einwilligung zur Speicherung widerrufen oder der Zweck f\u00fcr die Datenspeicherung entf\u00e4llt (z. B. nach abgeschlossener Bearbeitung Ihrer Anfrage). Zwingende gesetzliche Bestimmungen \u2013 insbesondere Aufbewahrungsfristen \u2013 bleiben unber\u00fchrt.<\/p>\n<p>Bei Nutzung der \u201eZwischenspeichern\u201c Funktion werden Ihre Online-Formulareingaben verschl\u00fcsselt und anonymisiert f\u00fcr 30 Tage gespeichert. Wird das Online-Formular nicht innerhalb dieser 30 Tage an uns \u00fcbermittelt, erfolgt die vollst\u00e4ndige L\u00f6schung der Formulareingaben automatisch. Eine Aufforderung zur L\u00f6schung Ihrerseits ist in diesem Fall nicht notwendig.<\/p><\/div><\/div><\/div><div class=\"e406-e18 x-acc-item\"><button id=\"tab-e406-e18\" class=\"x-acc-header\" role=\"button\" type=\"button\" aria-expanded=\"false\" aria-controls=\"panel-e406-e18\" data-x-toggle=\"collapse\" data-x-toggleable=\"e406-e18\"><span class=\"x-acc-header-content\"><span class=\"x-acc-header-indicator\"><i class=\"x-icon\" aria-hidden=\"true\" data-x-icon-l=\"&#xf101;\"><\/i><\/span><span class=\"x-acc-header-text\">IV. Betroffenenrechte<\/span><\/span><\/button><div id=\"panel-e406-e18\" role=\"region\" aria-hidden=\"true\" aria-labelledby=\"tab-e406-e18\" data-x-toggleable=\"e406-e18\" data-x-toggle-collapse=\"1\" class=\"x-collapsed\"><div class=\"x-acc-content\"><p style=\"text-align: left;\">Sie haben das Recht:<\/p>\n\n<ul style=\"text-align: left;\">\n \t<li>eine Auskunft dar\u00fcber zu verlangen, ob wir personenbezogene Daten \u00fcber Sie verarbeiten, wenn ja, zu welchen Zwecken wir die Daten und welche Kategorien von personenbezogenen Daten wir verarbeiten, an wen die Daten ggf. weitergeleitet wurden, wie lange die Daten ggf. gespeichert werden sollen und welche Rechte Ihnen zustehen.<\/li>\n \t<li>unzutreffende, von uns gespeicherte, personenbezogene Daten die Sie betreffen berichtigen zu lassen. Ebenso haben Sie das Recht, einen bei uns gespeicherten unvollst\u00e4ndigen Datensatz erg\u00e4nzen zu lassen.<\/li>\n \t<li>L\u00f6schung der Sie betreffenden personenbezogenen Daten zu verlangen, sofern ein gesetzlich vorgesehener Grund zur L\u00f6schung vorliegt (vgl. Art. 17 DSGVO) und die Verarbeitung Ihrer Daten nicht zur Erf\u00fcllung einer rechtlichen Verpflichtung oder aus anderen vorrangigen Gr\u00fcnden im Sinne der DSGVO geboten ist.<\/li>\n \t<li>von uns zu verlangen, dass wir Ihre Daten nur noch eingeschr\u00e4nkt, z. B. zur Geltendmachung von Rechtsanspr\u00fcchen oder aus Gr\u00fcnden eines wichtigen \u00f6ffentlichen Interesses, verarbeiten, w\u00e4hrend wir beispielsweise Ihren Anspruch auf Berichtigung oder Widerspruch pr\u00fcfen, oder ggf. wenn wir Ihren L\u00f6schungsanspruch ablehnen (vgl. Art. 18 DSGVO).<\/li>\n \t<li>der Verarbeitung zu widersprechen, sofern diese erforderlich ist, damit wir unsere im \u00f6ffentlichen Interesse liegenden Aufgaben wahrnehmen oder unser \u00f6ffentliches Amt aus\u00fcben k\u00f6nnen, wenn Gr\u00fcnde f\u00fcr den Widerspruch vorliegen, die sich aus Ihrer besonderen Situation ergeben.<\/li>\n \t<li>sich mit einer datenschutzrechtlichen Beschwerde an die Aufsichtsbeh\u00f6rden zu wenden. Die f\u00fcr uns zust\u00e4ndige Aufsichtsbeh\u00f6rde ist die:<\/li>\n<\/ul>\n<p style=\"text-align: left;\">Landesbeauftragte f\u00fcr Datenschutz und Informationsfreiheit<br \/>\nNordrhein-Westfalen<br \/>\nPostfach 20 04 44<br \/>\n40102 D\u00fcsseldorf<br \/>\nTelefon: 0211\/38424-0<br \/>\nTelefax: 0211\/38424-10<br \/>\nE-Mail: poststelle@ldi.nrw.de<\/p>\n<p style=\"text-align: left;\">Die Beschwerde kann unabh\u00e4ngig von der Zust\u00e4ndigkeit bei jeder Aufsichtsbeh\u00f6rde erhoben werden.<\/p><\/div><\/div><\/div><\/div><div class=\"x-acc e406-e19 mba-t mba-v\" id=\"x-acc-e406-e19\"><\/div><\/div><\/div><\/div><\/div><div class=\"x-section e406-e20 mba-0 mba-2\"><div class=\"x-row x-container max width e406-e21 mba-6 mba-9 mba-a mba-c mba-e\"><div class=\"x-row-inner\"><div class=\"x-col e406-e22 mba-f\"><div class=\"x-text x-text-headline e406-e23 mba-h mba-i mba-k mba-l mba-m\"><div class=\"x-text-content\"><div class=\"x-text-content-text\"><h1 class=\"x-text-content-text-primary\">Postanschrift <\/h1><\/div><\/div><\/div><hr class=\"x-line e406-e24 mba-p mba-q\"><\/hr><div class=\"x-text x-text-headline e406-e25 mba-h mba-i mba-k mba-m mba-o\"><div class=\"x-text-content\"><div class=\"x-text-content-text\"><h1 class=\"x-text-content-text-primary\"><p>Str\u00e4ter\u00a0<br \/>\nKanzlei am Europaplatz<br \/>\nNotare Rechtsanw\u00e4lte<\/p><\/h1><\/div><\/div><\/div><div class=\"x-text x-text-headline e406-e26 mba-h mba-i mba-k mba-m mba-o\"><div class=\"x-text-content\"><div class=\"x-text-content-text\"><h1 class=\"x-text-content-text-primary\">Partnerschaftsgesellschaft<\/h1><\/div><\/div><\/div><hr class=\"x-line e406-e27 mba-p mba-s\"><\/hr><div class=\"x-text x-text-headline e406-e28 mba-h mba-i mba-k mba-m mba-o\"><div class=\"x-text-content\"><div class=\"x-text-content-text\"><h1 class=\"x-text-content-text-primary\"><p>Freie-Vogel-Stra\u00dfe 367\/Ecke Europaplatz<br \/>\n44269 Dortmund<\/p><\/h1><\/div><\/div><\/div><hr class=\"x-line e406-e29 mba-p mba-s\"><\/hr><div class=\"x-text x-text-headline e406-e30 mba-h mba-i mba-k mba-l mba-m\"><div class=\"x-text-content\"><div class=\"x-text-content-text\"><h1 class=\"x-text-content-text-primary\">Bankverbindungen:<\/h1><\/div><\/div><\/div><hr class=\"x-line e406-e31 mba-p mba-q\"><\/hr><div class=\"x-text x-text-headline e406-e32 mba-h mba-i mba-k mba-m mba-o\"><div class=\"x-text-content\"><div class=\"x-text-content-text\"><h1 class=\"x-text-content-text-primary\"><p><strong>Dortmunder Volksbank<\/strong><\/p>\n<p>IBAN: DE13 4416 0014 6466 1019 00<br \/>\nBIC: GENODEM1DOR<\/p>\n<p><strong>Sparkasse Dortmund<\/strong><\/p>\n<p>IBAN: DE08 4405 0199 0001 2349 86<br \/>\nBIC: DORTDE33XXX<\/p><\/h1><\/div><\/div><\/div><\/div><\/div><\/div><\/div><\/div>\n","protected":false},"excerpt":{"rendered":"","protected":false},"author":1,"featured_media":0,"parent":0,"menu_order":0,"comment_status":"closed","ping_status":"closed","template":"template-blank-4.php","meta":{"footnotes":""},"_links":{"self":[{"href":"https:\/\/kanzlei.duaminds.com\/index.php?rest_route=\/wp\/v2\/pages\/406"}],"collection":[{"href":"https:\/\/kanzlei.duaminds.com\/index.php?rest_route=\/wp\/v2\/pages"}],"about":[{"href":"https:\/\/kanzlei.duaminds.com\/index.php?rest_route=\/wp\/v2\/types\/page"}],"author":[{"embeddable":true,"href":"https:\/\/kanzlei.duaminds.com\/index.php?rest_route=\/wp\/v2\/users\/1"}],"replies":[{"embeddable":true,"href":"https:\/\/kanzlei.duaminds.com\/index.php?rest_route=%2Fwp%2Fv2%2Fcomments&post=406"}],"version-history":[{"count":18,"href":"https:\/\/kanzlei.duaminds.com\/index.php?rest_route=\/wp\/v2\/pages\/406\/revisions"}],"predecessor-version":[{"id":1162,"href":"https:\/\/kanzlei.duaminds.com\/index.php?rest_route=\/wp\/v2\/pages\/406\/revisions\/1162"}],"wp:attachment":[{"href":"https:\/\/kanzlei.duaminds.com\/index.php?rest_route=%2Fwp%2Fv2%2Fmedia&parent=406"}],"curies":[{"name":"wp","href":"https:\/\/api.w.org\/{rel}","templated":true}]}}